{"id":6278,"date":"2024-05-31T11:41:54","date_gmt":"2024-05-31T09:41:54","guid":{"rendered":"https:\/\/rg-wesseling.de\/start\/?page_id=6278"},"modified":"2026-02-03T08:53:25","modified_gmt":"2026-02-03T07:53:25","slug":"vereinsheim-2","status":"publish","type":"page","link":"http:\/\/rg-wesseling.de\/start\/vereinsheim-2\/","title":{"rendered":"Mietbedingungen"},"content":{"rendered":"\n<p>Bedingungen<\/p>\n\n\n\n<ul class=\"wp-block-list\">\n<li>Der Raum wird in einem besenreinen Zustand \u00fcbergeben, alle Getr\u00e4nkeschuladen im Thekenbereich m\u00fcssen leer sein.<\/li>\n\n\n\n<li>Angebrochene Getr\u00e4nkeflaschen und Bierf\u00e4sser m\u00fcssen komplett bezahlt werden.<\/li>\n\n\n\n<li>M\u00fcll muss vom Mieter entsorgt werden.<\/li>\n\n\n\n<li>Das Leergut ist im Flur vor dem K\u00fchlhaus zu deponieren.<\/li>\n\n\n\n<li>Toilettenpapier, Seife und Handt\u00fccher werden von Mieter gestellt.<\/li>\n\n\n\n<li>Es m\u00fcssen bei jeder Veranstaltung mindestens zwei Aufsichtspersonen anwesend sein, die \u00fcber\u00a025 Jahre alt sind.<\/li>\n\n\n\n<li>Dekomaterial darf nur an den daf\u00fcr vorgesehenen Leisten befestigt und muss vor \u00dcbergabe an den Vermieter wieder r\u00fcckstandslos entfernt werden; bei Nichteinhaltung werden die Kosten zur Entfernung dem Mieter in Rechnung gestellt.<\/li>\n\n\n\n<li>Besch\u00e4digungen werden durch Fachpersonal repariert und dem Mieter in Rechnung gestellt.<\/li>\n\n\n\n<li>Die Au\u00dfenanlage und der Innenbereich sind Kamera\u00fcberwacht. Die Kameras d\u00fcrfen nicht\u00a0abgehangen werden, da sonst ein Sabotagealarm ausgel\u00f6st wird.<\/li>\n\n\n\n<li>Da die Kameras und die Alarmanlage eine Direktschaltung zu einer Security \u2013 Firma haben,\u00a0muss jeder selbstverschuldete Einsatz der Polizei selber bezahlt werden.<\/li>\n\n\n\n<li>Auf die Einhaltung des Jugendschutzgesetzes muss geachtet werden.<\/li>\n<\/ul>\n\n\n\n<p><\/p>\n","protected":false},"excerpt":{"rendered":"<p>Bedingungen<\/p>\n","protected":false},"author":20,"featured_media":0,"parent":0,"menu_order":0,"comment_status":"closed","ping_status":"closed","template":"","meta":{"footnotes":""},"class_list":["post-6278","page","type-page","status-publish","hentry"],"_links":{"self":[{"href":"http:\/\/rg-wesseling.de\/start\/wp-json\/wp\/v2\/pages\/6278","targetHints":{"allow":["GET"]}}],"collection":[{"href":"http:\/\/rg-wesseling.de\/start\/wp-json\/wp\/v2\/pages"}],"about":[{"href":"http:\/\/rg-wesseling.de\/start\/wp-json\/wp\/v2\/types\/page"}],"author":[{"embeddable":true,"href":"http:\/\/rg-wesseling.de\/start\/wp-json\/wp\/v2\/users\/20"}],"replies":[{"embeddable":true,"href":"http:\/\/rg-wesseling.de\/start\/wp-json\/wp\/v2\/comments?post=6278"}],"version-history":[{"count":6,"href":"http:\/\/rg-wesseling.de\/start\/wp-json\/wp\/v2\/pages\/6278\/revisions"}],"predecessor-version":[{"id":6418,"href":"http:\/\/rg-wesseling.de\/start\/wp-json\/wp\/v2\/pages\/6278\/revisions\/6418"}],"wp:attachment":[{"href":"http:\/\/rg-wesseling.de\/start\/wp-json\/wp\/v2\/media?parent=6278"}],"curies":[{"name":"wp","href":"https:\/\/api.w.org\/{rel}","templated":true}]}}