{"id":4148,"date":"2016-07-28T17:15:15","date_gmt":"2016-07-28T15:15:15","guid":{"rendered":"http:\/\/rg-wesseling.de\/start\/?page_id=4148"},"modified":"2016-07-30T16:37:22","modified_gmt":"2016-07-30T14:37:22","slug":"impressum","status":"publish","type":"page","link":"http:\/\/rg-wesseling.de\/start\/impressum\/","title":{"rendered":"Impressum"},"content":{"rendered":"<p><strong>Rot Gelb Wesseling 1992 e.V.<\/strong><br \/>\nFranzstra\u00dfe 1<br \/>\n50389 Wesseling<\/p>\n<p>E-Mail: <a href=\"mailto:verein@rg-wesseling.de\">verein@rg-wesseling.de<\/a><br \/>\nInternet: <a href=\"http:\/\/www.rg-wesseling.de\">http:\/\/www.rg-wesseling.de<\/a><\/p>\n<p>Vertretungsberechtigter Vorstand: jeweils zwei Vorstandsmitglieder<br \/>\nRegistergericht: Amtsgericht Br\u00fchl<br \/>\nRegisternummer: VR700902<\/p>\n<p>Inhaltlich Verantwortlicher gem\u00e4\u00df \u00a7 10 Absatz 3 MDStV: Ralf Laus (Anschrift wie oben).<\/p>\n<p><strong>Haftung f\u00fcr Inhalte<\/strong><\/p>\n<p>Die Inhalte unserer Seiten wurden mit gr\u00f6\u00dfter Sorgfalt erstellt. F\u00fcr die Richtigkeit, Vollst\u00e4ndigkeit und\u00a0Aktualit\u00e4t der Inhalte k\u00f6nnen wir jedoch keine Gew\u00e4hr \u00fcbernehmen.<\/p>\n<p><strong>Haftung f\u00fcr Links<\/strong><\/p>\n<p>Unser Angebot enth\u00e4lt Links zu externen Webseiten Dritter, auf deren Inhalte wir keinen Einfluss\u00a0haben. Deshalb k\u00f6nnen wir f\u00fcr diese fremden Inhalte auch keine Gew\u00e4hr \u00fcbernehmen. F\u00fcr die Inhalte\u00a0der verlinkten Seiten ist stets der jeweilige Anbieter oder Betreiber der Seiten verantwortlich. Die\u00a0verlinkten Seiten wurden zum Zeitpunkt der Verlinkung auf m\u00f6gliche Rechtsverst\u00f6\u00dfe \u00fcberpr\u00fcft.\u00a0Rechtswidrige Inhalte waren zum Zeitpunkt der Verlinkung nicht erkennbar. Eine permanente\u00a0inhaltliche Kontrolle der verlinkten Seiten ist jedoch ohne konkrete Anhaltspunkte einer\u00a0Rechtsverletzung nicht zumutbar. Bei Bekanntwerden von Rechtsverletzungen werden wir derartige\u00a0Links umgehend entfernen.<\/p>\n","protected":false},"excerpt":{"rendered":"<p>Rot Gelb Wesseling 1992 e.V. Franzstra\u00dfe 1 50389 Wesseling E-Mail: verein@rg-wesseling.de Internet: http:\/\/www.rg-wesseling.de Vertretungsberechtigter Vorstand: jeweils zwei Vorstandsmitglieder Registergericht: Amtsgericht Br\u00fchl Registernummer: VR700902 Inhaltlich Verantwortlicher gem\u00e4\u00df \u00a7 10 Absatz 3 MDStV: Ralf Laus (Anschrift wie oben). Haftung f\u00fcr Inhalte Die Inhalte unserer Seiten wurden mit gr\u00f6\u00dfter Sorgfalt erstellt. F\u00fcr die Richtigkeit, Vollst\u00e4ndigkeit und\u00a0Aktualit\u00e4t der Inhalte&#8230; <\/p>\n<div class=\"clear\"><\/div>\n<p><a href=\"http:\/\/rg-wesseling.de\/start\/impressum\/\" class=\"excerpt-read-more\">MEHR LESEN<\/a><\/p>\n","protected":false},"author":2,"featured_media":0,"parent":0,"menu_order":0,"comment_status":"closed","ping_status":"closed","template":"","meta":{"footnotes":""},"class_list":["post-4148","page","type-page","status-publish","hentry"],"_links":{"self":[{"href":"http:\/\/rg-wesseling.de\/start\/wp-json\/wp\/v2\/pages\/4148","targetHints":{"allow":["GET"]}}],"collection":[{"href":"http:\/\/rg-wesseling.de\/start\/wp-json\/wp\/v2\/pages"}],"about":[{"href":"http:\/\/rg-wesseling.de\/start\/wp-json\/wp\/v2\/types\/page"}],"author":[{"embeddable":true,"href":"http:\/\/rg-wesseling.de\/start\/wp-json\/wp\/v2\/users\/2"}],"replies":[{"embeddable":true,"href":"http:\/\/rg-wesseling.de\/start\/wp-json\/wp\/v2\/comments?post=4148"}],"version-history":[{"count":2,"href":"http:\/\/rg-wesseling.de\/start\/wp-json\/wp\/v2\/pages\/4148\/revisions"}],"predecessor-version":[{"id":4155,"href":"http:\/\/rg-wesseling.de\/start\/wp-json\/wp\/v2\/pages\/4148\/revisions\/4155"}],"wp:attachment":[{"href":"http:\/\/rg-wesseling.de\/start\/wp-json\/wp\/v2\/media?parent=4148"}],"curies":[{"name":"wp","href":"https:\/\/api.w.org\/{rel}","templated":true}]}}