{"id":4134,"date":"2016-07-28T16:55:55","date_gmt":"2016-07-28T14:55:55","guid":{"rendered":"http:\/\/rg-wesseling.de\/start\/?page_id=4134"},"modified":"2026-02-03T08:53:39","modified_gmt":"2026-02-03T07:53:39","slug":"vereinsheim-preisliste","status":"publish","type":"page","link":"http:\/\/rg-wesseling.de\/start\/vereinsheim-preisliste\/","title":{"rendered":"Preisliste"},"content":{"rendered":"<h1 style=\"text-align: center;\">Preisliste\u00a0f\u00fcr das Vereinsheim von Rot Gelb Wesseling 1992 e.V.<\/h1>\n<p><!--\n\n\n<p style=\"text-align: center;\">[gdlr_button href=\"http:\/\/rg-wesseling.de\/start\/wp-content\/uploads\/2016\/07\/Mietvertrag-Vereinsheim-3.docx\" target=\"_blank\" size=\"medium\" background=\"#aa4243\" color=\"#ffffff\"]Lade die Preisliste herunter[\/gdlr_button]<\/p>\n\n\n\n\n<p style=\"text-align: center;\">[gdlr_price_table columns=\"2\" ]\n[gdlr_tab title=\"F\u00dcR MITGLIEDER\" price=\"100\u20ac\" ][\/gdlr_tab]\n[gdlr_tab title=\"F\u00dcR NICHT-MITGLIEDER\" price=\"200\u20ac\" ][\/gdlr_tab]\n[\/gdlr_price_table]<\/p>\n\n\n\n\n<p style=\"text-align: center;\">[gdlr_divider type=\"solid\" size=\"50%\" ]<\/p>\n\n\n\n--><\/p>\n<p style=\"text-align: center;\"><div class=\"gdlr-shortcode-wrapper\"><div class=\"gdlr-item gdlr-price-table-item\" ><div class=\"gdlr-price-item four columns\"><div class=\"gdlr-price-inner-item \"><div class=\"price-title-wrapper\"><h4 class=\"price-title\">ENDREINIGUNG<\/h4><div class=\"price-tag\">80\u20ac<\/div><\/div><div class=\"price-content\"><\/div><\/div><\/div><div class=\"gdlr-price-item four columns\"><div class=\"gdlr-price-inner-item \"><div class=\"price-title-wrapper\"><h4 class=\"price-title\">Mietpreis Mitglieder<\/h4><div class=\"price-tag\">200\u20ac<\/div><\/div><div class=\"price-content\"><\/div><\/div><\/div><div class=\"gdlr-price-item four columns\"><div class=\"gdlr-price-inner-item \"><div class=\"price-title-wrapper\"><h4 class=\"price-title\">Mietpreis Nichtmitglieder<\/h4><div class=\"price-tag\">400\u20ac<\/div><\/div><div class=\"price-content\"><\/div><\/div><\/div><div class=\"clear\"><\/div><\/div><\/div><\/p>\n<h2 style=\"text-align: center;\">Getr\u00e4nkepreise<\/h2>\n<p style=\"text-align: center;\"><div class=\"gdlr-shortcode-wrapper\"><div class=\"gdlr-item gdlr-price-table-item\" ><div class=\"gdlr-price-item four columns\"><div class=\"gdlr-price-inner-item \"><div class=\"price-title-wrapper\"><h4 class=\"price-title\">Gaffel Fassbier<\/h4><div class=\"price-tag\">3,95\u20ac (Literpreis)<\/div><\/div><div class=\"price-content\"><\/div><\/div><\/div><div class=\"gdlr-price-item four columns\"><div class=\"gdlr-price-inner-item \"><div class=\"price-title-wrapper\"><h4 class=\"price-title\">Flaschenbier<\/h4><div class=\"price-tag\">1,50\u20ac (0,33 l)<\/div><\/div><div class=\"price-content\"><\/div><\/div><\/div><div class=\"gdlr-price-item four columns\"><div class=\"gdlr-price-inner-item \"><div class=\"price-title-wrapper\"><h4 class=\"price-title\">Gaffel Alkoholfrei<\/h4><div class=\"price-tag\">1,50\u20ac (0,33 l)<\/div><\/div><div class=\"price-content\"><\/div><\/div><\/div><div class=\"gdlr-price-item four columns\"><div class=\"gdlr-price-inner-item \"><div class=\"price-title-wrapper\"><h4 class=\"price-title\">Weizenbier<\/h4><div class=\"price-tag\">1,70\u20ac (0,5 l)<\/div><\/div><div class=\"price-content\"><\/div><\/div><\/div><div class=\"gdlr-price-item four columns\"><div class=\"gdlr-price-inner-item \"><div class=\"price-title-wrapper\"><h4 class=\"price-title\">Weizenbier Alkoholfrei<\/h4><div class=\"price-tag\">1,70\u20ac (0,5 l)<\/div><\/div><div class=\"price-content\"><\/div><\/div><\/div><div class=\"gdlr-price-item four columns\"><div class=\"gdlr-price-inner-item \"><div class=\"price-title-wrapper\"><h4 class=\"price-title\">Malzbier <\/h4><div class=\"price-tag\">1,50\u20ac (0,33 l)<\/div><\/div><div class=\"price-content\"><\/div><\/div><\/div><div class=\"gdlr-price-item four columns\"><div class=\"gdlr-price-inner-item \"><div class=\"price-title-wrapper\"><h4 class=\"price-title\">RedBull<\/h4><div class=\"price-tag\"> \u20ac 2,50\u20ac (0,33 l)<\/div><\/div><div class=\"price-content\"><\/div><\/div><\/div><div class=\"gdlr-price-item four columns\"><div class=\"gdlr-price-inner-item \"><div class=\"price-title-wrapper\"><h4 class=\"price-title\">Coca Cola<\/h4><div class=\"price-tag\"> \u20ac 1,80\u20ac (1 l)<\/div><\/div><div class=\"price-content\"><\/div><\/div><\/div><div class=\"gdlr-price-item four columns\"><div class=\"gdlr-price-inner-item \"><div class=\"price-title-wrapper\"><h4 class=\"price-title\">Coca Cola Light<\/h4><div class=\"price-tag\"> \u20ac 1,80 (1 l)<\/div><\/div><div class=\"price-content\"><\/div><\/div><\/div><div class=\"gdlr-price-item four columns\"><div class=\"gdlr-price-inner-item \"><div class=\"price-title-wrapper\"><h4 class=\"price-title\">Sprite <\/h4><div class=\"price-tag\"> \u20ac 1,80 (1 l)<\/div><\/div><div class=\"price-content\"><\/div><\/div><\/div><div class=\"gdlr-price-item four columns\"><div class=\"gdlr-price-inner-item \"><div class=\"price-title-wrapper\"><h4 class=\"price-title\">Fanta<\/h4><div class=\"price-tag\">1,80\u20ac (1 l)<\/div><\/div><div class=\"price-content\"><\/div><\/div><\/div><div class=\"gdlr-price-item four columns\"><div class=\"gdlr-price-inner-item \"><div class=\"price-title-wrapper\"><h4 class=\"price-title\">Wasser<\/h4><div class=\"price-tag\">1,40\u20ac (1 l)<\/div><\/div><div class=\"price-content\"><\/div><\/div><\/div><div class=\"gdlr-price-item four columns\"><div class=\"gdlr-price-inner-item \"><div class=\"price-title-wrapper\"><h4 class=\"price-title\">Orangensaft<\/h4><div class=\"price-tag\">3,00\u20ac (1 l)<\/div><\/div><div class=\"price-content\"><\/div><\/div><\/div><div class=\"gdlr-price-item four columns\"><div class=\"gdlr-price-inner-item \"><div class=\"price-title-wrapper\"><h4 class=\"price-title\">Apfelsaft<\/h4><div class=\"price-tag\">3,00\u20ac (1 l)<\/div><\/div><div class=\"price-content\"><\/div><\/div><\/div><div class=\"gdlr-price-item four columns\"><div class=\"gdlr-price-inner-item \"><div class=\"price-title-wrapper\"><h4 class=\"price-title\">Wein<\/h4><div class=\"price-tag\">richtet sich nach EK<\/div><\/div><div class=\"price-content\"><\/div><\/div><\/div><div class=\"gdlr-price-item four columns\"><div class=\"gdlr-price-inner-item \"><div class=\"price-title-wrapper\"><h4 class=\"price-title\">Sekt \/ Prosecco<\/h4><div class=\"price-tag\">richtet sich nach EK<\/div><\/div><div class=\"price-content\"><\/div><\/div><\/div><div class=\"gdlr-price-item four columns\"><div class=\"gdlr-price-inner-item \"><div class=\"price-title-wrapper\"><h4 class=\"price-title\">Gl\u00e4ser<\/h4><div class=\"price-tag\"> \u20ac 1,00<\/div><\/div><div class=\"price-content\"><\/div><\/div><\/div><div class=\"gdlr-price-item four columns\"><div class=\"gdlr-price-inner-item \"><div class=\"price-title-wrapper\"><h4 class=\"price-title\">CO2 Pauschale<\/h4><div class=\"price-tag\"> \u20ac 10,00<\/div><\/div><div class=\"price-content\"><\/div><\/div><\/div><div class=\"gdlr-price-item four columns\"><div class=\"gdlr-price-inner-item \"><div class=\"price-title-wrapper\"><h4 class=\"price-title\">Stehtisch<\/h4><div class=\"price-tag\"> \u20ac 5,00<\/div><\/div><div class=\"price-content\"><\/div><\/div><\/div><div class=\"clear\"><\/div><\/div><\/div><\/p>\n<p><strong>Alle anderen Getr\u00e4nke auf Anfrage!<\/strong><\/p>\n<p>Alle Getr\u00e4nke m\u00fcssen von RG Wesseling bezogen werden. Der Verzehr von eigenen Getr\u00e4nken wird\u00a0mit einer Strafe von \u20ac 250,- berechnet.<\/p>\n<p>Nicht aufgef\u00fchrte Getr\u00e4nke werden nach Absprache berechnet.<\/p>\n<p><!--\n\n\n<p style=\"text-align: center;\">[gdlr_button href=\"http:\/\/rg-wesseling.de\/start\/wp-content\/uploads\/2016\/07\/Mietvertrag-Vereinsheim-3.docx\" target=\"_blank\" size=\"medium\" background=\"#aa4243\" color=\"#ffffff\"]Lade die Preisliste herunter[\/gdlr_button]<\/p>\n\n\n\n--><\/p>\n\n\n<p><\/p>\n","protected":false},"excerpt":{"rendered":"<p>Preisliste\u00a0f\u00fcr das Vereinsheim von Rot Gelb Wesseling 1992 e.V. Getr\u00e4nkepreise Alle anderen Getr\u00e4nke auf Anfrage! Alle Getr\u00e4nke m\u00fcssen von RG Wesseling bezogen werden. Der Verzehr von eigenen Getr\u00e4nken wird\u00a0mit einer Strafe von \u20ac 250,- berechnet. Nicht aufgef\u00fchrte Getr\u00e4nke werden nach Absprache berechnet.<\/p>\n","protected":false},"author":2,"featured_media":0,"parent":0,"menu_order":0,"comment_status":"closed","ping_status":"closed","template":"","meta":{"footnotes":""},"class_list":["post-4134","page","type-page","status-publish","hentry"],"_links":{"self":[{"href":"http:\/\/rg-wesseling.de\/start\/wp-json\/wp\/v2\/pages\/4134","targetHints":{"allow":["GET"]}}],"collection":[{"href":"http:\/\/rg-wesseling.de\/start\/wp-json\/wp\/v2\/pages"}],"about":[{"href":"http:\/\/rg-wesseling.de\/start\/wp-json\/wp\/v2\/types\/page"}],"author":[{"embeddable":true,"href":"http:\/\/rg-wesseling.de\/start\/wp-json\/wp\/v2\/users\/2"}],"replies":[{"embeddable":true,"href":"http:\/\/rg-wesseling.de\/start\/wp-json\/wp\/v2\/comments?post=4134"}],"version-history":[{"count":12,"href":"http:\/\/rg-wesseling.de\/start\/wp-json\/wp\/v2\/pages\/4134\/revisions"}],"predecessor-version":[{"id":6417,"href":"http:\/\/rg-wesseling.de\/start\/wp-json\/wp\/v2\/pages\/4134\/revisions\/6417"}],"wp:attachment":[{"href":"http:\/\/rg-wesseling.de\/start\/wp-json\/wp\/v2\/media?parent=4134"}],"curies":[{"name":"wp","href":"https:\/\/api.w.org\/{rel}","templated":true}]}}